{"id":28,"date":"2018-03-14T11:18:02","date_gmt":"2018-03-14T11:18:02","guid":{"rendered":"http:\/\/wp.xcursor.eu\/?page_id=28"},"modified":"2026-02-16T10:12:40","modified_gmt":"2026-02-16T10:12:40","slug":"electronic-scoring-system-for-rifle-shooting-xcursor-et-2000","status":"publish","type":"page","link":"https:\/\/www.xcursor.eu\/fi\/","title":{"rendered":"ELEKTRONINEN TAULULAITE xCursor ET-2000"},"content":{"rendered":"<p><div style=\"max-width: 1186px;\" class=\"ml-slider-3-7-2 metaslider metaslider-flex metaslider-174 ml-slider\">\n    \n    <div id=\"metaslider_container_174\">\n        <div id=\"metaslider_174\" class=\"flexslider\">\n            <ul class=\"slides\">\n                <li style=\"display: block; width: 100%;\" class=\"slide-312 ms-image\"><img loading=\"lazy\" decoding=\"async\" src=\"https:\/\/www.xcursor.eu\/wp-content\/uploads\/2018\/03\/ET_Slides_10-1185x750.jpg\" height=\"751\" width=\"1186\" alt=\"\" class=\"slider-174 slide-312\" title=\"ET_Slides_10\" \/><\/li>\n                <li style=\"display: none; width: 100%;\" class=\"slide-314 ms-image\"><img loading=\"lazy\" decoding=\"async\" src=\"https:\/\/www.xcursor.eu\/wp-content\/uploads\/2018\/03\/ET_Slides_11-1185x750.jpg\" height=\"751\" width=\"1186\" alt=\"\" class=\"slider-174 slide-314\" title=\"ET_Slides_11\" \/><\/li>\n                <li style=\"display: none; width: 100%;\" class=\"slide-316 ms-image\"><img loading=\"lazy\" decoding=\"async\" src=\"https:\/\/www.xcursor.eu\/wp-content\/uploads\/2018\/03\/ET_Slides_12-1185x750.jpg\" height=\"751\" width=\"1186\" alt=\"\" class=\"slider-174 slide-316\" title=\"ET_Slides_12\" \/><\/li>\n                <li style=\"display: none; width: 100%;\" class=\"slide-569 ms-image\"><img loading=\"lazy\" decoding=\"async\" src=\"https:\/\/www.xcursor.eu\/wp-content\/uploads\/2019\/05\/Pilt1_Siga_m\u00e4rkleht-1186x751.jpg\" height=\"751\" width=\"1186\" alt=\"\" class=\"slider-174 slide-569\" title=\"Pilt1_Siga_m\u00e4rkleht\" \/><\/li>\n                <li style=\"display: none; width: 100%;\" class=\"slide-570 ms-image\"><img loading=\"lazy\" decoding=\"async\" src=\"https:\/\/www.xcursor.eu\/wp-content\/uploads\/2019\/05\/Pilt2_P\u00f5der_m\u00e4rkleht-1186x751.jpg\" height=\"751\" width=\"1186\" alt=\"\" class=\"slider-174 slide-570\" title=\"Pilt2_P\u00f5der_m\u00e4rkleht\" \/><\/li>\n                <li style=\"display: none; width: 100%;\" class=\"slide-571 ms-image\"><img loading=\"lazy\" decoding=\"async\" src=\"https:\/\/www.xcursor.eu\/wp-content\/uploads\/2019\/05\/Pilt3_m\u00e4rklehemodem-1186x751.jpg\" height=\"751\" width=\"1186\" alt=\"\" class=\"slider-174 slide-571\" title=\"Pilt3_m\u00e4rklehemodem\" \/><\/li>\n                <li style=\"display: none; width: 100%;\" class=\"slide-572 ms-image\"><img loading=\"lazy\" decoding=\"async\" src=\"https:\/\/www.xcursor.eu\/wp-content\/uploads\/2019\/05\/Pilt4_Ekraanit\u00f5mmis-1186x751.jpg\" height=\"751\" width=\"1186\" alt=\"\" class=\"slider-174 slide-572\" title=\"Pilt4_Ekraanit\u00f5mmis\" \/><\/li>\n            <\/ul>\n        <\/div>\n        \n    <\/div>\n<\/div><\/p>\n<h4><span style=\"color: #555555;\"><span style=\"font-family: apple-system, BlinkMacSystemFon;\"><span style=\"font-size: small;\">xCursor ET-2000 on helppok\u00e4ytt\u00f6inen taululaite kiv\u00e4\u00e4ri- ja pienoiskiv\u00e4\u00e4riammuntaan.<\/span><\/span><\/span><\/h4>\n<ul>\n<li>\n<h4><span style=\"color: #555555;\"><span style=\"font-family: apple-system, BlinkMacSystemFon;\"><span style=\"font-size: small;\">ei en\u00e4\u00e4 jatkuvaa k\u00e4vely\u00e4 taululle<\/span><\/span><\/span><\/h4>\n<\/li>\n<li>\n<h4><span style=\"color: #555555;\"><span style=\"font-family: apple-system, BlinkMacSystemFon;\"><span style=\"font-size: small;\">v\u00e4lit\u00f6n palaute laukauksen j\u00e4lkeen, kuulet osuman \u00e4\u00e4neen ja n\u00e4et osuman PC-p\u00e4\u00e4tteelt\u00e4<\/span><\/span><\/span><\/h4>\n<\/li>\n<li>\n<h4><span style=\"color: #555555;\"><span style=\"font-family: apple-system, BlinkMacSystemFon;\"><span style=\"font-size: small;\">reaaliaikainen tulospalvelu my\u00f6s katsojille v\u00e4rilliseen n\u00e4ytt\u00f6\u00f6n<\/span><\/span><\/span><\/h4>\n<\/li>\n<li>\n<h4><span style=\"color: #555555;\"><span style=\"font-family: apple-system, BlinkMacSystemFon;\"><span style=\"font-size: small;\">helppo asennus, ei kaapelien asennusta, radiolinkki jopa 600 metriin saakka<\/span><\/span><\/span><\/h4>\n<\/li>\n<li>\n<h4><span style=\"color: #555555;\"><span style=\"font-family: apple-system, BlinkMacSystemFon;\"><span style=\"font-size: small;\">sopii niin seisovan kun liikkuvankin tauluun<\/span><\/span><\/span><\/h4>\n<\/li>\n<li>\n<h4><span style=\"color: #555555;\"><span style=\"font-family: apple-system, BlinkMacSystemFon;\"><span style=\"font-size: small;\">Windows-pohjainen, helppok\u00e4ytt\u00f6inen ohjelmisto, jossa on paljon erilaisia tauluja ja mahdollisuus lis\u00e4t\u00e4 niit\u00e4 my\u00f6s tarpeen mukaan<\/span><\/span><\/span><\/h4>\n<\/li>\n<li>\n<h4><span style=\"color: #555555;\"><span style=\"font-family: apple-system, BlinkMacSystemFon;\"><span style=\"font-size: small;\">alhaiset huoltokustannukset<\/span><\/span><\/span><\/h4>\n<\/li>\n<li>\n<h4><span style=\"color: #555555;\"><span style=\"font-family: apple-system, BlinkMacSystemFon;\"><span style=\"font-size: small;\">toimii niin kiv\u00e4\u00e4rill\u00e4 kuin pienoiskiv\u00e4\u00e4rill\u00e4kin ammuttaessa<\/span><\/span><\/span><\/h4>\n<\/li>\n<\/ul>\n<h4 class=\"western\" align=\"justify\"><span style=\"color: #444444;\"><span style=\"font-family: Monda, sans-serif;\"><span style=\"font-size: large;\">Pakettiin kuulu:<\/span><\/span><\/span><\/h4>\n<ul>\n<li>\n<h4><span style=\"color: #555555;\"><span style=\"font-family: apple-system, BlinkMacSystemFon;\"><span style=\"font-size: small;\">tietokoneen radiomodeemi USB-kaapelilla<\/span><\/span><\/span><\/h4>\n<\/li>\n<li>\n<h4><span style=\"color: #555555;\"><span style=\"font-family: apple-system, BlinkMacSystemFon;\"><span style=\"font-size: small;\">taulun elektroniikkayksikk\u00f6-radiomodeemi (Litium-akku riit\u00e4\u00e4 noin 40 tunniksi)<\/span><\/span><\/span><\/h4>\n<\/li>\n<li>\n<h4><span style=\"color: #555555;\"><span style=\"font-family: apple-system, BlinkMacSystemFon;\"><span style=\"font-size: small;\">akkulaturi<\/span><\/span><\/span><\/h4>\n<\/li>\n<li>\n<h4><span style=\"color: #555555;\"><span style=\"font-family: apple-system, BlinkMacSystemFon;\"><span style=\"font-size: small;\">mikrofoniyksik\u00f6ll\u00e4 varustettu taulu, villikarjun taulualue, jolla osuma n\u00e4kyy, on 400 x 400 mm (leveys ja korkeus), paino 10 kg ja hirvitaulun taulualue on 1250 x 1230 mm, paino 20 kg; taululaatikon eteen kiinitet\u00e4\u00e4n varsinainen maalikuva: karju 1050 x 600 mm, hirvi 2130 x 1400 mm<\/span><\/span><\/span><\/h4>\n<\/li>\n<\/ul>\n<p><span style=\"color: #ff0000;\">Hinta Tallinnassa: \u00a0<strong>2995.- EUR<\/strong> (2415.33- EUR \u00a0+24% ALV.).\u00a0 <\/span><\/p>\n<p><span style=\"color: #ff0000;\">Yritykset kenell\u00e4 on Suomen ALV numero, saavat ostaa ALV 0%<\/span><\/p>\n<h4>Edustaja Suomessa:<\/h4>\n<h4>Seppotuote OY<\/h4>\n<h4>Kotisivu:\u00a0<a href=\"http:\/\/www.seppotuote.fi\" target=\"_blank\" rel=\"noopener\">www.seppotuote.fi<\/a><\/h4>\n<h4><b>S\u00e4hkoposti:\u00a0<a href=\"mailto:seppo.kastepohja@seppotuote.fi\" target=\"_blank\" rel=\"noopener\">seppo.kastepohja@seppotuote.fi<\/a><\/b><\/h4>\n<h4><b>Puh: +358 400480822, Seppo Kastepohja\u00a0<\/b><\/h4>\n<p><img loading=\"lazy\" decoding=\"async\" class=\"alignnone size-medium wp-image-562\" src=\"https:\/\/www.xcursor.eu\/wp-content\/uploads\/2019\/05\/Takuu-2-vuotta-1-300x300.jpg\" alt=\"\" width=\"300\" height=\"300\" srcset=\"https:\/\/www.xcursor.eu\/wp-content\/uploads\/2019\/05\/Takuu-2-vuotta-1-300x300.jpg 300w, https:\/\/www.xcursor.eu\/wp-content\/uploads\/2019\/05\/Takuu-2-vuotta-1-150x150.jpg 150w, https:\/\/www.xcursor.eu\/wp-content\/uploads\/2019\/05\/Takuu-2-vuotta-1.jpg 448w\" sizes=\"(max-width: 300px) 100vw, 300px\" \/><\/p>\n<p><a class=\"aligncenter download-button\" href=\"https:\/\/www.xcursor.eu\/fi\/download\/713\/\" rel=\"nofollow\">\n\t\tLataa &ldquo;(English) xCursor v_6.10&rdquo;\t\t<small>xCursor_v_6.10.zip &ndash; Ladatty 1865 kertaa &ndash; 50 Mt<\/small>\n\t<\/a><\/p>\n<p><p><a class=\"aligncenter download-button\" href=\"https:\/\/www.xcursor.eu\/fi\/download\/624\/\" rel=\"nofollow\">\n\t\tLataa &ldquo;(English) xCursor ET-2000 User's Guide&rdquo;\t\t<small>xCursor-Users-guide.pdf &ndash; Ladatty 3801 kertaa &ndash; 2 Mt<\/small>\n\t<\/a><\/p><\/p>","protected":false},"excerpt":{"rendered":"<p>xCursor ET-2000 on helppok\u00e4ytt\u00f6inen taululaite kiv\u00e4\u00e4ri- ja pienoiskiv\u00e4\u00e4riammuntaan. ei en\u00e4\u00e4 jatkuvaa k\u00e4vely\u00e4 taululle v\u00e4lit\u00f6n palaute laukauksen j\u00e4lkeen, kuulet osuman \u00e4\u00e4neen ja n\u00e4et osuman PC-p\u00e4\u00e4tteelt\u00e4 reaaliaikainen tulospalvelu my\u00f6s katsojille v\u00e4rilliseen n\u00e4ytt\u00f6\u00f6n helppo asennus, ei kaapelien asennusta, radiolinkki jopa 600 metriin saakka sopii niin seisovan kun liikkuvankin tauluun Windows-pohjainen, helppok\u00e4ytt\u00f6inen ohjelmisto, jossa on paljon erilaisia tauluja ja [&hellip;]<\/p>\n","protected":false},"author":2,"featured_media":0,"parent":0,"menu_order":0,"comment_status":"closed","ping_status":"closed","template":"","meta":{"footnotes":""},"_links":{"self":[{"href":"https:\/\/www.xcursor.eu\/fi\/wp-json\/wp\/v2\/pages\/28"}],"collection":[{"href":"https:\/\/www.xcursor.eu\/fi\/wp-json\/wp\/v2\/pages"}],"about":[{"href":"https:\/\/www.xcursor.eu\/fi\/wp-json\/wp\/v2\/types\/page"}],"author":[{"embeddable":true,"href":"https:\/\/www.xcursor.eu\/fi\/wp-json\/wp\/v2\/users\/2"}],"replies":[{"embeddable":true,"href":"https:\/\/www.xcursor.eu\/fi\/wp-json\/wp\/v2\/comments?post=28"}],"version-history":[{"count":82,"href":"https:\/\/www.xcursor.eu\/fi\/wp-json\/wp\/v2\/pages\/28\/revisions"}],"predecessor-version":[{"id":757,"href":"https:\/\/www.xcursor.eu\/fi\/wp-json\/wp\/v2\/pages\/28\/revisions\/757"}],"wp:attachment":[{"href":"https:\/\/www.xcursor.eu\/fi\/wp-json\/wp\/v2\/media?parent=28"}],"curies":[{"name":"wp","href":"https:\/\/api.w.org\/{rel}","templated":true}]}}