{"id":28,"date":"2018-03-14T11:18:02","date_gmt":"2018-03-14T11:18:02","guid":{"rendered":"http:\/\/wp.xcursor.eu\/?page_id=28"},"modified":"2026-02-16T10:12:40","modified_gmt":"2026-02-16T10:12:40","slug":"electronic-scoring-system-for-rifle-shooting-xcursor-et-2000","status":"publish","type":"page","link":"https:\/\/www.xcursor.eu\/et\/","title":{"rendered":"ELEKTROONILINE M\u00c4RKLEHTEDE S\u00dcSTEEM xCursor ET-2000"},"content":{"rendered":"<p><div style=\"max-width: 1186px;\" class=\"ml-slider-3-7-2 metaslider metaslider-flex metaslider-174 ml-slider\">\n    \n    <div id=\"metaslider_container_174\">\n        <div id=\"metaslider_174\" class=\"flexslider\">\n            <ul class=\"slides\">\n                <li style=\"display: block; width: 100%;\" class=\"slide-312 ms-image\"><img loading=\"lazy\" decoding=\"async\" src=\"https:\/\/www.xcursor.eu\/wp-content\/uploads\/2018\/03\/ET_Slides_10-1185x750.jpg\" height=\"751\" width=\"1186\" alt=\"\" class=\"slider-174 slide-312\" title=\"ET_Slides_10\" \/><\/li>\n                <li style=\"display: none; width: 100%;\" class=\"slide-314 ms-image\"><img loading=\"lazy\" decoding=\"async\" src=\"https:\/\/www.xcursor.eu\/wp-content\/uploads\/2018\/03\/ET_Slides_11-1185x750.jpg\" height=\"751\" width=\"1186\" alt=\"\" class=\"slider-174 slide-314\" title=\"ET_Slides_11\" \/><\/li>\n                <li style=\"display: none; width: 100%;\" class=\"slide-316 ms-image\"><img loading=\"lazy\" decoding=\"async\" src=\"https:\/\/www.xcursor.eu\/wp-content\/uploads\/2018\/03\/ET_Slides_12-1185x750.jpg\" height=\"751\" width=\"1186\" alt=\"\" class=\"slider-174 slide-316\" title=\"ET_Slides_12\" \/><\/li>\n                <li style=\"display: none; width: 100%;\" class=\"slide-569 ms-image\"><img loading=\"lazy\" decoding=\"async\" src=\"https:\/\/www.xcursor.eu\/wp-content\/uploads\/2019\/05\/Pilt1_Siga_m\u00e4rkleht-1186x751.jpg\" height=\"751\" width=\"1186\" alt=\"\" class=\"slider-174 slide-569\" title=\"Pilt1_Siga_m\u00e4rkleht\" \/><\/li>\n                <li style=\"display: none; width: 100%;\" class=\"slide-570 ms-image\"><img loading=\"lazy\" decoding=\"async\" src=\"https:\/\/www.xcursor.eu\/wp-content\/uploads\/2019\/05\/Pilt2_P\u00f5der_m\u00e4rkleht-1186x751.jpg\" height=\"751\" width=\"1186\" alt=\"\" class=\"slider-174 slide-570\" title=\"Pilt2_P\u00f5der_m\u00e4rkleht\" \/><\/li>\n                <li style=\"display: none; width: 100%;\" class=\"slide-571 ms-image\"><img loading=\"lazy\" decoding=\"async\" src=\"https:\/\/www.xcursor.eu\/wp-content\/uploads\/2019\/05\/Pilt3_m\u00e4rklehemodem-1186x751.jpg\" height=\"751\" width=\"1186\" alt=\"\" class=\"slider-174 slide-571\" title=\"Pilt3_m\u00e4rklehemodem\" \/><\/li>\n                <li style=\"display: none; width: 100%;\" class=\"slide-572 ms-image\"><img loading=\"lazy\" decoding=\"async\" src=\"https:\/\/www.xcursor.eu\/wp-content\/uploads\/2019\/05\/Pilt4_Ekraanit\u00f5mmis-1186x751.jpg\" height=\"751\" width=\"1186\" alt=\"\" class=\"slider-174 slide-572\" title=\"Pilt4_Ekraanit\u00f5mmis\" \/><\/li>\n            <\/ul>\n        <\/div>\n        \n    <\/div>\n<\/div><\/p>\n<ul>\n<li>vahetult lasu j\u00e4rel kuvatkse kuuli tabamiskoht arvuti ekraanile ja teatatakse h\u00e4\u00e4lega,<\/li>\n<li>kasutajaliidesed \u201ewindows\u201c baasil, \u00a0rakenduses on v\u00f5imalik valida palju erinevaid m\u00e4rklehti, 1-9 m\u00e4rklehte samaaegselt n\u00e4ha,<\/li>\n<li>lihtne installeerida, raadioside kuni 1500 m,<\/li>\n<li>vintp\u00fcssiga ja sportp\u00fcssiga laskmiseks,<\/li>\n<li>sobib nii seisva, kui liikuva m\u00e4rklehe jaoks<\/li>\n<\/ul>\n<p><span style=\"color: #ff0000;\">Hind: \u00a0<strong>2995.- EUR<\/strong> (2415.33- EUR \u00a0+24% K.M.)\u00a0<\/span><\/p>\n<p><strong>Komplekti kuulub:<\/strong><\/p>\n<ul>\n<li>\u00a0arvutirakendus, v\u00f5imalus kasutada palju erinevaid m\u00e4rklehti,<\/li>\n<li>raadio modem koos USB kaabliga,<\/li>\n<li>m\u00e4rklehe raadiomodem (Liitium aku modemi sees, \u00fche laadimisega t\u00f6\u00f6tab 40 tundi),<\/li>\n<li>akulaadija<\/li>\n<li>\u00fcks m\u00e4rkleht (koos anduritega), vastavalt kliendi soovile<\/li>\n<\/ul>\n<p><strong>Komplekti ei kuulu:<\/strong><\/p>\n<ul>\n<li>\u00a0arvuti\u00a0\u00a0<span style=\"color: #ff0000;\">\u00a0Hind: <strong>372.- EUR<\/strong> (300.- EUR + 24% K.M.)<\/span><\/li>\n<li>\u00a0transport lasketiiru\u00a0<span style=\"color: #ff0000;\">\u00a0Hind: <strong>248.- EUR<\/strong> (200.- EUR + 24% K.M.)<\/span><\/li>\n<\/ul>\n<p><img loading=\"lazy\" decoding=\"async\" class=\"alignnone size-medium wp-image-563\" src=\"https:\/\/www.xcursor.eu\/wp-content\/uploads\/2019\/05\/Garantii-2-aastat-300x300.jpg\" alt=\"\" width=\"300\" height=\"300\" srcset=\"https:\/\/www.xcursor.eu\/wp-content\/uploads\/2019\/05\/Garantii-2-aastat-300x300.jpg 300w, https:\/\/www.xcursor.eu\/wp-content\/uploads\/2019\/05\/Garantii-2-aastat-150x150.jpg 150w, https:\/\/www.xcursor.eu\/wp-content\/uploads\/2019\/05\/Garantii-2-aastat.jpg 448w\" sizes=\"(max-width: 300px) 100vw, 300px\" \/><\/p>\n<p><a class=\"aligncenter download-button\" href=\"https:\/\/www.xcursor.eu\/et\/download\/713\/\" rel=\"nofollow\">\n\t\tDownload &ldquo;(English) xCursor v_6.10&rdquo;\t\t<small>xCursor_v_6.10.zip &ndash; Downloaded 1800 times &ndash; 50 MB<\/small>\n\t<\/a><\/p>\n<p><p><a class=\"aligncenter download-button\" href=\"https:\/\/www.xcursor.eu\/et\/download\/406\/\" rel=\"nofollow\">\n\t\tDownload &ldquo;Elektroonilise m\u00e4rklehe xCursor ET-2000 Kasutusjuhend.pdf&rdquo;\t\t<small>xCursor_ET-2000_Kasutusjuhend-1.pdf &ndash; Downloaded 863 times &ndash; 1 MB<\/small>\n\t<\/a><\/p><\/p>","protected":false},"excerpt":{"rendered":"<p>vahetult lasu j\u00e4rel kuvatkse kuuli tabamiskoht arvuti ekraanile ja teatatakse h\u00e4\u00e4lega, kasutajaliidesed \u201ewindows\u201c baasil, \u00a0rakenduses on v\u00f5imalik valida palju erinevaid m\u00e4rklehti, 1-9 m\u00e4rklehte samaaegselt n\u00e4ha, lihtne installeerida, raadioside kuni 1500 m, vintp\u00fcssiga ja sportp\u00fcssiga laskmiseks, sobib nii seisva, kui liikuva m\u00e4rklehe jaoks Hind: \u00a02995.- EUR (2415.33- EUR \u00a0+24% K.M.)\u00a0 Komplekti kuulub: \u00a0arvutirakendus, v\u00f5imalus kasutada palju [&hellip;]<\/p>\n","protected":false},"author":2,"featured_media":0,"parent":0,"menu_order":0,"comment_status":"closed","ping_status":"closed","template":"","meta":{"footnotes":""},"_links":{"self":[{"href":"https:\/\/www.xcursor.eu\/et\/wp-json\/wp\/v2\/pages\/28"}],"collection":[{"href":"https:\/\/www.xcursor.eu\/et\/wp-json\/wp\/v2\/pages"}],"about":[{"href":"https:\/\/www.xcursor.eu\/et\/wp-json\/wp\/v2\/types\/page"}],"author":[{"embeddable":true,"href":"https:\/\/www.xcursor.eu\/et\/wp-json\/wp\/v2\/users\/2"}],"replies":[{"embeddable":true,"href":"https:\/\/www.xcursor.eu\/et\/wp-json\/wp\/v2\/comments?post=28"}],"version-history":[{"count":82,"href":"https:\/\/www.xcursor.eu\/et\/wp-json\/wp\/v2\/pages\/28\/revisions"}],"predecessor-version":[{"id":757,"href":"https:\/\/www.xcursor.eu\/et\/wp-json\/wp\/v2\/pages\/28\/revisions\/757"}],"wp:attachment":[{"href":"https:\/\/www.xcursor.eu\/et\/wp-json\/wp\/v2\/media?parent=28"}],"curies":[{"name":"wp","href":"https:\/\/api.w.org\/{rel}","templated":true}]}}