{"id":28,"date":"2018-03-14T11:18:02","date_gmt":"2018-03-14T11:18:02","guid":{"rendered":"http:\/\/wp.xcursor.eu\/?page_id=28"},"modified":"2026-02-16T10:12:40","modified_gmt":"2026-02-16T10:12:40","slug":"electronic-scoring-system-for-rifle-shooting-xcursor-et-2000","status":"publish","type":"page","link":"https:\/\/www.xcursor.eu\/de\/","title":{"rendered":"ELEKTRONISCHES PUNKTESYSTEM F\u00dcR\u00a0GEWEHRSCHIESSEN \u00a0xCursor ET-2000"},"content":{"rendered":"<p><div style=\"max-width: 1186px;\" class=\"ml-slider-3-7-2 metaslider metaslider-flex metaslider-174 ml-slider\">\n    \n    <div id=\"metaslider_container_174\">\n        <div id=\"metaslider_174\" class=\"flexslider\">\n            <ul class=\"slides\">\n                <li style=\"display: block; width: 100%;\" class=\"slide-312 ms-image\"><img loading=\"lazy\" decoding=\"async\" src=\"https:\/\/www.xcursor.eu\/wp-content\/uploads\/2018\/03\/ET_Slides_10-1185x750.jpg\" height=\"751\" width=\"1186\" alt=\"\" class=\"slider-174 slide-312\" title=\"ET_Slides_10\" \/><\/li>\n                <li style=\"display: none; width: 100%;\" class=\"slide-314 ms-image\"><img loading=\"lazy\" decoding=\"async\" src=\"https:\/\/www.xcursor.eu\/wp-content\/uploads\/2018\/03\/ET_Slides_11-1185x750.jpg\" height=\"751\" width=\"1186\" alt=\"\" class=\"slider-174 slide-314\" title=\"ET_Slides_11\" \/><\/li>\n                <li style=\"display: none; width: 100%;\" class=\"slide-316 ms-image\"><img loading=\"lazy\" decoding=\"async\" src=\"https:\/\/www.xcursor.eu\/wp-content\/uploads\/2018\/03\/ET_Slides_12-1185x750.jpg\" height=\"751\" width=\"1186\" alt=\"\" class=\"slider-174 slide-316\" title=\"ET_Slides_12\" \/><\/li>\n                <li style=\"display: none; width: 100%;\" class=\"slide-569 ms-image\"><img loading=\"lazy\" decoding=\"async\" src=\"https:\/\/www.xcursor.eu\/wp-content\/uploads\/2019\/05\/Pilt1_Siga_m\u00e4rkleht-1186x751.jpg\" height=\"751\" width=\"1186\" alt=\"\" class=\"slider-174 slide-569\" title=\"Pilt1_Siga_m\u00e4rkleht\" \/><\/li>\n                <li style=\"display: none; width: 100%;\" class=\"slide-570 ms-image\"><img loading=\"lazy\" decoding=\"async\" src=\"https:\/\/www.xcursor.eu\/wp-content\/uploads\/2019\/05\/Pilt2_P\u00f5der_m\u00e4rkleht-1186x751.jpg\" height=\"751\" width=\"1186\" alt=\"\" class=\"slider-174 slide-570\" title=\"Pilt2_P\u00f5der_m\u00e4rkleht\" \/><\/li>\n                <li style=\"display: none; width: 100%;\" class=\"slide-571 ms-image\"><img loading=\"lazy\" decoding=\"async\" src=\"https:\/\/www.xcursor.eu\/wp-content\/uploads\/2019\/05\/Pilt3_m\u00e4rklehemodem-1186x751.jpg\" height=\"751\" width=\"1186\" alt=\"\" class=\"slider-174 slide-571\" title=\"Pilt3_m\u00e4rklehemodem\" \/><\/li>\n                <li style=\"display: none; width: 100%;\" class=\"slide-572 ms-image\"><img loading=\"lazy\" decoding=\"async\" src=\"https:\/\/www.xcursor.eu\/wp-content\/uploads\/2019\/05\/Pilt4_Ekraanit\u00f5mmis-1186x751.jpg\" height=\"751\" width=\"1186\" alt=\"\" class=\"slider-174 slide-572\" title=\"Pilt4_Ekraanit\u00f5mmis\" \/><\/li>\n            <\/ul>\n        <\/div>\n        \n    <\/div>\n<\/div><\/p>\n<ul>\n<li>Trefferpunkt sichtbar auf dem PC-Bildschirm, es besteht keine Notwendigkeit f\u00fcr einen kontinuierlichen Spaziergang<\/li>\n<li>einfach zu installieren<\/li>\n<li>keine Kabel, Funkverbindung bis 500 m<\/li>\n<li>l\u00e4uft auf einem Li-Ion-Akku, Akkulaufzeit betr\u00e4gt 40 Stunden<\/li>\n<li>es eignet sich f\u00fcr stehende und bewegliche Ziele<\/li>\n<li>bis zur Zielgr\u00f6\u00dfe 1,5 x 1,5 m<\/li>\n<li>Die Empfindlichkeit ist in einem weiten Bereich einstellbar, passend f\u00fcr verschiedene Kaliber und Geschossgeschwindigkeiten<\/li>\n<li>Geeignet f\u00fcr 3 und 4 Mikrofon targets, Einstellungen k\u00f6nnen mit der xCursor Utility Software ge\u00e4ndert werden<\/li>\n<li>bis zu 5 Sch\u00fcsse in der Sekunde<\/li>\n<li>Bis zu 9 Ziele k\u00f6nnen gleichzeitig auf einem PC oder TV-Bildschirm verfolgt werden<\/li>\n<li>einfache Windows-App f\u00fcr den PC<\/li>\n<\/ul>\n<p><span style=\"color: #ff0000;\">Preis:\u00a0 <strong>2995.- EUR<\/strong> (2415.33- EUR + 24% MwSt)<\/span><\/p>\n<p><strong>Das Kit enth\u00e4lt:<\/strong><\/p>\n<ul>\n<li>Computer-Anwendung, die F\u00e4higkeit, viele verschiedene Ziele zu verwenden<\/li>\n<li>Funkmodem mit USB-Kabel<\/li>\n<li>ein Funkmodem des Ziels (eine Lithiumbatterie innerhalb des Modems, 40 Betriebsstunden mit einer Ladung)<\/li>\n<li>Ladeger\u00e4t<\/li>\n<li>ein Ziel (mit Sensoren), je nach Kundenwunsch<\/li>\n<\/ul>\n<p><strong> Das Kit beinhaltet nicht:<\/strong><\/p>\n<ul>\n<li>Computer <span style=\"color: #ff0000;\">Preis:\u00a0 <strong>372.- EUR<\/strong> (300.- EUR + 24% MwSt.)<\/span><\/li>\n<li>Versandkosten\u00a0<span style=\"color: #ff0000;\">Preis:<strong> 248.- EUR<\/strong> (200, &#8211; EUR + 244% MwSt.)<\/span><\/li>\n<\/ul>\n<p><img loading=\"lazy\" decoding=\"async\" class=\"alignnone size-medium wp-image-647\" src=\"https:\/\/www.xcursor.eu\/wp-content\/uploads\/2020\/02\/Warranty-2-Years-300x300.jpg\" alt=\"\" width=\"300\" height=\"300\" srcset=\"https:\/\/www.xcursor.eu\/wp-content\/uploads\/2020\/02\/Warranty-2-Years-300x300.jpg 300w, https:\/\/www.xcursor.eu\/wp-content\/uploads\/2020\/02\/Warranty-2-Years-150x150.jpg 150w, https:\/\/www.xcursor.eu\/wp-content\/uploads\/2020\/02\/Warranty-2-Years-768x768.jpg 768w, https:\/\/www.xcursor.eu\/wp-content\/uploads\/2020\/02\/Warranty-2-Years.jpg 1000w\" sizes=\"(max-width: 300px) 100vw, 300px\" \/><\/p>\n<p><a class=\"aligncenter download-button\" href=\"https:\/\/www.xcursor.eu\/de\/download\/713\/\" rel=\"nofollow\">\n\t\tDownload &ldquo;(English) xCursor v_6.10&rdquo;\t\t<small>xCursor_v_6.10.zip &ndash; 1893-mal heruntergeladen &ndash; 50 MB<\/small>\n\t<\/a><\/p>\n<p><p><a class=\"aligncenter download-button\" href=\"https:\/\/www.xcursor.eu\/de\/download\/624\/\" rel=\"nofollow\">\n\t\tDownload &ldquo;(English) xCursor ET-2000 User's Guide&rdquo;\t\t<small>xCursor-Users-guide.pdf &ndash; 3827-mal heruntergeladen &ndash; 2 MB<\/small>\n\t<\/a><\/p><\/p>","protected":false},"excerpt":{"rendered":"<p>Trefferpunkt sichtbar auf dem PC-Bildschirm, es besteht keine Notwendigkeit f\u00fcr einen kontinuierlichen Spaziergang einfach zu installieren keine Kabel, Funkverbindung bis 500 m l\u00e4uft auf einem Li-Ion-Akku, Akkulaufzeit betr\u00e4gt 40 Stunden es eignet sich f\u00fcr stehende und bewegliche Ziele bis zur Zielgr\u00f6\u00dfe 1,5 x 1,5 m Die Empfindlichkeit ist in einem weiten Bereich einstellbar, passend f\u00fcr [&hellip;]<\/p>\n","protected":false},"author":2,"featured_media":0,"parent":0,"menu_order":0,"comment_status":"closed","ping_status":"closed","template":"","meta":{"footnotes":""},"_links":{"self":[{"href":"https:\/\/www.xcursor.eu\/de\/wp-json\/wp\/v2\/pages\/28"}],"collection":[{"href":"https:\/\/www.xcursor.eu\/de\/wp-json\/wp\/v2\/pages"}],"about":[{"href":"https:\/\/www.xcursor.eu\/de\/wp-json\/wp\/v2\/types\/page"}],"author":[{"embeddable":true,"href":"https:\/\/www.xcursor.eu\/de\/wp-json\/wp\/v2\/users\/2"}],"replies":[{"embeddable":true,"href":"https:\/\/www.xcursor.eu\/de\/wp-json\/wp\/v2\/comments?post=28"}],"version-history":[{"count":82,"href":"https:\/\/www.xcursor.eu\/de\/wp-json\/wp\/v2\/pages\/28\/revisions"}],"predecessor-version":[{"id":757,"href":"https:\/\/www.xcursor.eu\/de\/wp-json\/wp\/v2\/pages\/28\/revisions\/757"}],"wp:attachment":[{"href":"https:\/\/www.xcursor.eu\/de\/wp-json\/wp\/v2\/media?parent=28"}],"curies":[{"name":"wp","href":"https:\/\/api.w.org\/{rel}","templated":true}]}}